{"id":36877,"date":"2025-03-11T22:36:01","date_gmt":"2025-03-11T22:36:01","guid":{"rendered":"https:\/\/gomera-vida.es\/produit\/sac-en-toile\/"},"modified":"2025-09-15T15:48:37","modified_gmt":"2025-09-15T14:48:37","slug":"sac-en-toile","status":"publish","type":"product","link":"https:\/\/gomera-vida.es\/es\/produit\/sac-en-toile\/","title":{"rendered":"Bolsa de lona"},"content":{"rendered":"<p>Bolsa de algod\u00f3n blanco hecha a mano<\/p>\n<p>tama\u00f1o: 42 cm x 35 cm (bolsa) \/ Asa 55 cm<\/p>\n<p>\ud83d\ude9a Env\u00edo gratuito a toda la isla de La Gomera<\/p>\n","protected":false},"excerpt":{"rendered":"<p>Bolsa tote blanca de algod\u00f3n, 42&#215;35 cm, asa de 55 cm. Pr\u00e1ctica, ligera, duradera y ecol\u00f3gica, perfecta para ir de compras, salir o como bolsa elegante y funcional para el d\u00eda a d\u00eda. <\/p>\n","protected":false},"featured_media":36678,"comment_status":"open","ping_status":"closed","template":"","meta":[],"product_brand":[],"product_cat":[117,157],"product_tag":[],"class_list":{"0":"post-36877","1":"product","2":"type-product","3":"status-publish","4":"has-post-thumbnail","6":"product_cat-bolsas-y-estuches","7":"product_cat-inicio-productos","9":"first","10":"instock","11":"shipping-taxable","12":"purchasable","13":"product-type-simple"},"yoast_head":"<!-- This site is optimized with the Yoast SEO plugin v27.3 - https:\/\/yoast.com\/product\/yoast-seo-wordpress\/ -->\n<title>Bolsa de lona - Gomera Vida<\/title>\n<meta name=\"description\" content=\"Bolsa tote blanca de algod\u00f3n, 42x35 cm, asa de 55 cm, pr\u00e1ctica, ecol\u00f3gica, ligera e ideal para el uso diario.\" \/>\n<meta name=\"robots\" content=\"index, follow, max-snippet:-1, max-image-preview:large, max-video-preview:-1\" \/>\n<link rel=\"canonical\" href=\"https:\/\/gomera-vida.es\/es\/produit\/sac-en-toile\/\" \/>\n<meta property=\"og:locale\" content=\"es_ES\" \/>\n<meta property=\"og:type\" content=\"article\" \/>\n<meta property=\"og:title\" content=\"Bolsa de lona - Gomera Vida\" \/>\n<meta property=\"og:description\" content=\"Bolsa tote blanca de algod\u00f3n, 42x35 cm, asa de 55 cm, pr\u00e1ctica, ecol\u00f3gica, ligera e ideal para el uso diario.\" \/>\n<meta property=\"og:url\" content=\"https:\/\/gomera-vida.es\/es\/produit\/sac-en-toile\/\" \/>\n<meta property=\"og:site_name\" content=\"Gomera Vida\" \/>\n<meta property=\"article:modified_time\" content=\"2025-09-15T14:48:37+00:00\" \/>\n<meta property=\"og:image\" content=\"https:\/\/gomera-vida.es\/wp-content\/uploads\/2025\/03\/IMG_0342-579x1030.jpeg\" \/>\n\t<meta property=\"og:image:width\" content=\"579\" \/>\n\t<meta property=\"og:image:height\" content=\"1030\" \/>\n\t<meta property=\"og:image:type\" content=\"image\/jpeg\" \/>\n<meta name=\"twitter:card\" content=\"summary_large_image\" \/>\n<script type=\"application\/ld+json\" class=\"yoast-schema-graph\">{\"@context\":\"https:\\\/\\\/schema.org\",\"@graph\":[{\"@type\":\"WebPage\",\"@id\":\"https:\\\/\\\/gomera-vida.es\\\/es\\\/produit\\\/sac-en-toile\\\/\",\"url\":\"https:\\\/\\\/gomera-vida.es\\\/es\\\/produit\\\/sac-en-toile\\\/\",\"name\":\"Bolsa de lona - Gomera Vida\",\"isPartOf\":{\"@id\":\"https:\\\/\\\/gomera-vida.es\\\/#website\"},\"primaryImageOfPage\":{\"@id\":\"https:\\\/\\\/gomera-vida.es\\\/es\\\/produit\\\/sac-en-toile\\\/#primaryimage\"},\"image\":{\"@id\":\"https:\\\/\\\/gomera-vida.es\\\/es\\\/produit\\\/sac-en-toile\\\/#primaryimage\"},\"thumbnailUrl\":\"https:\\\/\\\/gomera-vida.es\\\/wp-content\\\/uploads\\\/2025\\\/03\\\/IMG_0342-scaled.jpeg\",\"datePublished\":\"2025-03-11T22:36:01+00:00\",\"dateModified\":\"2025-09-15T14:48:37+00:00\",\"description\":\"Bolsa tote blanca de algod\u00f3n, 42x35 cm, asa de 55 cm, pr\u00e1ctica, ecol\u00f3gica, ligera e ideal para el uso diario.\",\"breadcrumb\":{\"@id\":\"https:\\\/\\\/gomera-vida.es\\\/es\\\/produit\\\/sac-en-toile\\\/#breadcrumb\"},\"inLanguage\":\"es\",\"potentialAction\":[{\"@type\":\"ReadAction\",\"target\":[\"https:\\\/\\\/gomera-vida.es\\\/es\\\/produit\\\/sac-en-toile\\\/\"]}]},{\"@type\":\"ImageObject\",\"inLanguage\":\"es\",\"@id\":\"https:\\\/\\\/gomera-vida.es\\\/es\\\/produit\\\/sac-en-toile\\\/#primaryimage\",\"url\":\"https:\\\/\\\/gomera-vida.es\\\/wp-content\\\/uploads\\\/2025\\\/03\\\/IMG_0342-scaled.jpeg\",\"contentUrl\":\"https:\\\/\\\/gomera-vida.es\\\/wp-content\\\/uploads\\\/2025\\\/03\\\/IMG_0342-scaled.jpeg\",\"width\":1238,\"height\":2200,\"caption\":\"sac blanc la gomera\"},{\"@type\":\"BreadcrumbList\",\"@id\":\"https:\\\/\\\/gomera-vida.es\\\/es\\\/produit\\\/sac-en-toile\\\/#breadcrumb\",\"itemListElement\":[{\"@type\":\"ListItem\",\"position\":1,\"name\":\"Inicio\",\"item\":\"https:\\\/\\\/gomera-vida.es\\\/es\\\/inicio-3\\\/\"},{\"@type\":\"ListItem\",\"position\":2,\"name\":\"Boutique\",\"item\":\"https:\\\/\\\/gomera-vida.es\\\/boutique\\\/\"},{\"@type\":\"ListItem\",\"position\":3,\"name\":\"Bolsa de lona\"}]},{\"@type\":\"WebSite\",\"@id\":\"https:\\\/\\\/gomera-vida.es\\\/#website\",\"url\":\"https:\\\/\\\/gomera-vida.es\\\/\",\"name\":\"Gomera Vida\",\"description\":\"\",\"potentialAction\":[{\"@type\":\"SearchAction\",\"target\":{\"@type\":\"EntryPoint\",\"urlTemplate\":\"https:\\\/\\\/gomera-vida.es\\\/?s={search_term_string}\"},\"query-input\":{\"@type\":\"PropertyValueSpecification\",\"valueRequired\":true,\"valueName\":\"search_term_string\"}}],\"inLanguage\":\"es\"}]}<\/script>\n<!-- \/ Yoast SEO plugin. -->","yoast_head_json":{"title":"Bolsa de lona - Gomera Vida","description":"Bolsa tote blanca de algod\u00f3n, 42x35 cm, asa de 55 cm, pr\u00e1ctica, ecol\u00f3gica, ligera e ideal para el uso diario.","robots":{"index":"index","follow":"follow","max-snippet":"max-snippet:-1","max-image-preview":"max-image-preview:large","max-video-preview":"max-video-preview:-1"},"canonical":"https:\/\/gomera-vida.es\/es\/produit\/sac-en-toile\/","og_locale":"es_ES","og_type":"article","og_title":"Bolsa de lona - Gomera Vida","og_description":"Bolsa tote blanca de algod\u00f3n, 42x35 cm, asa de 55 cm, pr\u00e1ctica, ecol\u00f3gica, ligera e ideal para el uso diario.","og_url":"https:\/\/gomera-vida.es\/es\/produit\/sac-en-toile\/","og_site_name":"Gomera Vida","article_modified_time":"2025-09-15T14:48:37+00:00","og_image":[{"width":579,"height":1030,"url":"https:\/\/gomera-vida.es\/wp-content\/uploads\/2025\/03\/IMG_0342-579x1030.jpeg","type":"image\/jpeg"}],"twitter_card":"summary_large_image","schema":{"@context":"https:\/\/schema.org","@graph":[{"@type":"WebPage","@id":"https:\/\/gomera-vida.es\/es\/produit\/sac-en-toile\/","url":"https:\/\/gomera-vida.es\/es\/produit\/sac-en-toile\/","name":"Bolsa de lona - Gomera Vida","isPartOf":{"@id":"https:\/\/gomera-vida.es\/#website"},"primaryImageOfPage":{"@id":"https:\/\/gomera-vida.es\/es\/produit\/sac-en-toile\/#primaryimage"},"image":{"@id":"https:\/\/gomera-vida.es\/es\/produit\/sac-en-toile\/#primaryimage"},"thumbnailUrl":"https:\/\/gomera-vida.es\/wp-content\/uploads\/2025\/03\/IMG_0342-scaled.jpeg","datePublished":"2025-03-11T22:36:01+00:00","dateModified":"2025-09-15T14:48:37+00:00","description":"Bolsa tote blanca de algod\u00f3n, 42x35 cm, asa de 55 cm, pr\u00e1ctica, ecol\u00f3gica, ligera e ideal para el uso diario.","breadcrumb":{"@id":"https:\/\/gomera-vida.es\/es\/produit\/sac-en-toile\/#breadcrumb"},"inLanguage":"es","potentialAction":[{"@type":"ReadAction","target":["https:\/\/gomera-vida.es\/es\/produit\/sac-en-toile\/"]}]},{"@type":"ImageObject","inLanguage":"es","@id":"https:\/\/gomera-vida.es\/es\/produit\/sac-en-toile\/#primaryimage","url":"https:\/\/gomera-vida.es\/wp-content\/uploads\/2025\/03\/IMG_0342-scaled.jpeg","contentUrl":"https:\/\/gomera-vida.es\/wp-content\/uploads\/2025\/03\/IMG_0342-scaled.jpeg","width":1238,"height":2200,"caption":"sac blanc la gomera"},{"@type":"BreadcrumbList","@id":"https:\/\/gomera-vida.es\/es\/produit\/sac-en-toile\/#breadcrumb","itemListElement":[{"@type":"ListItem","position":1,"name":"Inicio","item":"https:\/\/gomera-vida.es\/es\/inicio-3\/"},{"@type":"ListItem","position":2,"name":"Boutique","item":"https:\/\/gomera-vida.es\/boutique\/"},{"@type":"ListItem","position":3,"name":"Bolsa de lona"}]},{"@type":"WebSite","@id":"https:\/\/gomera-vida.es\/#website","url":"https:\/\/gomera-vida.es\/","name":"Gomera Vida","description":"","potentialAction":[{"@type":"SearchAction","target":{"@type":"EntryPoint","urlTemplate":"https:\/\/gomera-vida.es\/?s={search_term_string}"},"query-input":{"@type":"PropertyValueSpecification","valueRequired":true,"valueName":"search_term_string"}}],"inLanguage":"es"}]}},"_links":{"self":[{"href":"https:\/\/gomera-vida.es\/es\/wp-json\/wp\/v2\/product\/36877","targetHints":{"allow":["GET"]}}],"collection":[{"href":"https:\/\/gomera-vida.es\/es\/wp-json\/wp\/v2\/product"}],"about":[{"href":"https:\/\/gomera-vida.es\/es\/wp-json\/wp\/v2\/types\/product"}],"replies":[{"embeddable":true,"href":"https:\/\/gomera-vida.es\/es\/wp-json\/wp\/v2\/comments?post=36877"}],"wp:featuredmedia":[{"embeddable":true,"href":"https:\/\/gomera-vida.es\/es\/wp-json\/wp\/v2\/media\/36678"}],"wp:attachment":[{"href":"https:\/\/gomera-vida.es\/es\/wp-json\/wp\/v2\/media?parent=36877"}],"wp:term":[{"taxonomy":"product_brand","embeddable":true,"href":"https:\/\/gomera-vida.es\/es\/wp-json\/wp\/v2\/product_brand?post=36877"},{"taxonomy":"product_cat","embeddable":true,"href":"https:\/\/gomera-vida.es\/es\/wp-json\/wp\/v2\/product_cat?post=36877"},{"taxonomy":"product_tag","embeddable":true,"href":"https:\/\/gomera-vida.es\/es\/wp-json\/wp\/v2\/product_tag?post=36877"}],"curies":[{"name":"wp","href":"https:\/\/api.w.org\/{rel}","templated":true}]}}