{"id":35735,"date":"2025-01-14T09:47:00","date_gmt":"2025-01-14T09:47:00","guid":{"rendered":"https:\/\/gomera-vida.es\/mentions-legales\/"},"modified":"2025-01-14T11:21:49","modified_gmt":"2025-01-14T11:21:49","slug":"mentions-legales","status":"publish","type":"page","link":"https:\/\/gomera-vida.es\/es\/mentions-legales\/","title":{"rendered":"Informaci\u00f3n legal"},"content":{"rendered":"<div  class='flex_column av-ncie7c-484c01c9c35f55dc478557f8586f33c1 av_one_full  avia-builder-el-0  avia-builder-el-no-sibling  first flex_column_div  '     ><section  class='av_textblock_section av-m5wagneq-4fde59b4f7ca05d53c659dbf7bb0f196 '   itemscope=\"itemscope\" itemtype=\"https:\/\/schema.org\/CreativeWork\" ><div class='avia_textblock'  itemprop=\"text\" ><p class=\"p5\"><b>Propietario del sitio<\/b><\/p>\n<p class=\"p1\">El sitio web <b>https:\/\/gomera-vida.es<\/b> est\u00e1 publicado por :<\/p>\n<p class=\"p6\">-Nombre<b>:<\/b> H\u00e9l\u00e9na Turin<\/p>\n<p class=\"p6\"><b>-Direcci\u00f3n<\/b>: Rte de la G\u00e9rine 26, 1723 Marly, Suiza<\/p>\n<p class=\"p6\"><b>Contacto<\/b>: <a href=\"mailto:contact@gomera-vida.es\">contact@gomera-vida.es<\/a><\/p>\n<p class=\"p5\"><b>Alojamiento<\/b><\/p>\n<p class=\"p1\">El sitio est\u00e1 alojado en :<\/p>\n<p class=\"p6\">-Nombre<b>del anfitri\u00f3n<\/b>: Infomaniak<\/p>\n<p class=\"p6\"><b>-Direcci\u00f3n<\/b>: Rue Eug\u00e8ne-Marziano 25, 1227 Ginebra, Suiza<\/p>\n<p class=\"p6\"><b>-P\u00e1gina<\/b> web: https: <a href=\"https:\/\/www.infomaniak.com\">\/\/www.infomaniak.com<\/a><\/p>\n<p class=\"p5\"><b>Dise\u00f1o y producci\u00f3n<\/b><\/p>\n<p class=\"p1\">El sitio web <b>https:\/\/gomera-vida.es<\/b> fue dise\u00f1ado y producido por :<\/p>\n<p class=\"p6\"><b>-Nombre<\/b>: Pik-nik.ch<\/p>\n<p class=\"p6\"><b>Contacto<\/b>: <a href=\"mailto:contact@pik-nik.ch\">contact@pik-nik.ch<\/a><\/p>\n<p class=\"p6\"><b>P\u00e1gina web:<\/b> https: <a href=\"https:\/\/www.pik-nik.ch\">\/\/www.pik-nik.ch<\/a><\/p>\n<p class=\"p5\"><b>Propiedad intelectual<\/b><\/p>\n<p class=\"p1\">Todos los elementos del sitio web <b>https:\/\/gomera-vida.es<\/b>, incluidos los textos, im\u00e1genes, v\u00eddeos, gr\u00e1ficos, logotipos e iconos, as\u00ed como su disposici\u00f3n, son propiedad exclusiva de <b>H\u00e9l\u00e9na Tur\u00edn<\/b>, a menos que se indique expl\u00edcitamente lo contrario.<\/p>\n<p class=\"p1\">Queda prohibida cualquier reproducci\u00f3n, representaci\u00f3n, modificaci\u00f3n, publicaci\u00f3n o adaptaci\u00f3n de la totalidad o parte de los elementos del sitio, sea cual sea el medio o procedimiento utilizado, sin la autorizaci\u00f3n previa por escrito de <b>H\u00e9l\u00e9na Turin<\/b>.<\/p>\n<p class=\"p5\"><b>Limitaci\u00f3n de responsabilidad<\/b><\/p>\n<p class=\"p1\">El contenido del sitio web <b>https:\/\/gomera-vida.es<\/b> se proporciona \u00fanicamente con fines informativos. <b>H\u00e9l\u00e9na Turin<\/b> hace todo lo posible para que la informaci\u00f3n que aparece en el sitio sea exacta y est\u00e9 actualizada, pero no puede garantizar la ausencia de errores u omisiones.<\/p>\n<p class=\"p1\"><b>H\u00e9l\u00e9na Turin<\/b> no se hace responsable:<\/p>\n<p class=\"p6\">-Cualquier da\u00f1o directo o indirecto resultante del uso del sitio.<\/p>\n<p class=\"p6\">-Cualquier interrupci\u00f3n del sitio o error.<\/p>\n<p class=\"p5\"><b>Enlaces externos<\/b><\/p>\n<p class=\"p1\">El sitio web <b>https:\/\/gomera-vida.es<\/b> puede contener enlaces de hipertexto a otros sitios web. <b>H\u00e9l\u00e9na Turin<\/b> no tiene ning\u00fan control sobre estos sitios y no acepta ninguna responsabilidad por su contenido.<\/p>\n<p class=\"p5\"><b>Gesti\u00f3n de datos personales<\/b><\/p>\n<p class=\"p1\">La informaci\u00f3n sobre la recogida y el tratamiento de datos personales est\u00e1 disponible en la <a href=\"https:\/\/gomera-vida.es\/es\/declaration-de-confidentialite\/\">Declaraci\u00f3n de privacidad<\/a>.<\/p>\n<p class=\"p5\"><b>Cookies<\/b><\/p>\n<p class=\"p1\">Para m\u00e1s informaci\u00f3n sobre el uso de cookies en el sitio, consulta nuestra <a href=\"https:\/\/gomera-vida.es\/politique-de-cookies\/\">Pol\u00edtica de Cookies<\/a>.<\/p>\n<p class=\"p5\"><b>Legislaci\u00f3n aplicable<\/b><\/p>\n<p class=\"p1\">El sitio web <b>https:\/\/gomera-vida.es<\/b> se rige por la legislaci\u00f3n suiza. En caso de litigio, los tribunales competentes ser\u00e1n los de la jurisdicci\u00f3n del domicilio social. <\/p>\n<p class=\"p1\">\n<\/div><\/section><\/div>\n","protected":false},"excerpt":{"rendered":"","protected":false},"author":1,"featured_media":0,"parent":0,"menu_order":0,"comment_status":"closed","ping_status":"closed","template":"","meta":{"footnotes":""},"class_list":["post-35735","page","type-page","status-publish","hentry"],"yoast_head":"<!-- This site is optimized with the Yoast SEO plugin v27.3 - https:\/\/yoast.com\/product\/yoast-seo-wordpress\/ -->\n<title>Informaci\u00f3n legal - Gomera Vida<\/title>\n<meta name=\"robots\" content=\"index, follow, max-snippet:-1, max-image-preview:large, max-video-preview:-1\" \/>\n<link rel=\"canonical\" href=\"https:\/\/gomera-vida.es\/es\/mentions-legales\/\" \/>\n<meta property=\"og:locale\" content=\"es_ES\" \/>\n<meta property=\"og:type\" content=\"article\" \/>\n<meta property=\"og:title\" content=\"Informaci\u00f3n legal - Gomera Vida\" \/>\n<meta property=\"og:url\" content=\"https:\/\/gomera-vida.es\/es\/mentions-legales\/\" \/>\n<meta property=\"og:site_name\" content=\"Gomera Vida\" \/>\n<meta property=\"article:modified_time\" content=\"2025-01-14T11:21:49+00:00\" \/>\n<meta name=\"twitter:card\" content=\"summary_large_image\" \/>\n<meta name=\"twitter:label1\" content=\"Tiempo de lectura\" \/>\n\t<meta name=\"twitter:data1\" content=\"5 minutos\" \/>\n<script type=\"application\/ld+json\" class=\"yoast-schema-graph\">{\"@context\":\"https:\\\/\\\/schema.org\",\"@graph\":[{\"@type\":\"WebPage\",\"@id\":\"https:\\\/\\\/gomera-vida.es\\\/es\\\/mentions-legales\\\/\",\"url\":\"https:\\\/\\\/gomera-vida.es\\\/es\\\/mentions-legales\\\/\",\"name\":\"Informaci\u00f3n legal - Gomera Vida\",\"isPartOf\":{\"@id\":\"https:\\\/\\\/gomera-vida.es\\\/#website\"},\"datePublished\":\"2025-01-14T09:47:00+00:00\",\"dateModified\":\"2025-01-14T11:21:49+00:00\",\"breadcrumb\":{\"@id\":\"https:\\\/\\\/gomera-vida.es\\\/es\\\/mentions-legales\\\/#breadcrumb\"},\"inLanguage\":\"es\",\"potentialAction\":[{\"@type\":\"ReadAction\",\"target\":[\"https:\\\/\\\/gomera-vida.es\\\/es\\\/mentions-legales\\\/\"]}]},{\"@type\":\"BreadcrumbList\",\"@id\":\"https:\\\/\\\/gomera-vida.es\\\/es\\\/mentions-legales\\\/#breadcrumb\",\"itemListElement\":[{\"@type\":\"ListItem\",\"position\":1,\"name\":\"Inicio\",\"item\":\"https:\\\/\\\/gomera-vida.es\\\/es\\\/inicio-3\\\/\"},{\"@type\":\"ListItem\",\"position\":2,\"name\":\"Informaci\u00f3n legal\"}]},{\"@type\":\"WebSite\",\"@id\":\"https:\\\/\\\/gomera-vida.es\\\/#website\",\"url\":\"https:\\\/\\\/gomera-vida.es\\\/\",\"name\":\"Gomera Vida\",\"description\":\"\",\"potentialAction\":[{\"@type\":\"SearchAction\",\"target\":{\"@type\":\"EntryPoint\",\"urlTemplate\":\"https:\\\/\\\/gomera-vida.es\\\/?s={search_term_string}\"},\"query-input\":{\"@type\":\"PropertyValueSpecification\",\"valueRequired\":true,\"valueName\":\"search_term_string\"}}],\"inLanguage\":\"es\"}]}<\/script>\n<!-- \/ Yoast SEO plugin. -->","yoast_head_json":{"title":"Informaci\u00f3n legal - Gomera Vida","robots":{"index":"index","follow":"follow","max-snippet":"max-snippet:-1","max-image-preview":"max-image-preview:large","max-video-preview":"max-video-preview:-1"},"canonical":"https:\/\/gomera-vida.es\/es\/mentions-legales\/","og_locale":"es_ES","og_type":"article","og_title":"Informaci\u00f3n legal - Gomera Vida","og_url":"https:\/\/gomera-vida.es\/es\/mentions-legales\/","og_site_name":"Gomera Vida","article_modified_time":"2025-01-14T11:21:49+00:00","twitter_card":"summary_large_image","twitter_misc":{"Tiempo de lectura":"5 minutos"},"schema":{"@context":"https:\/\/schema.org","@graph":[{"@type":"WebPage","@id":"https:\/\/gomera-vida.es\/es\/mentions-legales\/","url":"https:\/\/gomera-vida.es\/es\/mentions-legales\/","name":"Informaci\u00f3n legal - Gomera Vida","isPartOf":{"@id":"https:\/\/gomera-vida.es\/#website"},"datePublished":"2025-01-14T09:47:00+00:00","dateModified":"2025-01-14T11:21:49+00:00","breadcrumb":{"@id":"https:\/\/gomera-vida.es\/es\/mentions-legales\/#breadcrumb"},"inLanguage":"es","potentialAction":[{"@type":"ReadAction","target":["https:\/\/gomera-vida.es\/es\/mentions-legales\/"]}]},{"@type":"BreadcrumbList","@id":"https:\/\/gomera-vida.es\/es\/mentions-legales\/#breadcrumb","itemListElement":[{"@type":"ListItem","position":1,"name":"Inicio","item":"https:\/\/gomera-vida.es\/es\/inicio-3\/"},{"@type":"ListItem","position":2,"name":"Informaci\u00f3n legal"}]},{"@type":"WebSite","@id":"https:\/\/gomera-vida.es\/#website","url":"https:\/\/gomera-vida.es\/","name":"Gomera Vida","description":"","potentialAction":[{"@type":"SearchAction","target":{"@type":"EntryPoint","urlTemplate":"https:\/\/gomera-vida.es\/?s={search_term_string}"},"query-input":{"@type":"PropertyValueSpecification","valueRequired":true,"valueName":"search_term_string"}}],"inLanguage":"es"}]}},"_links":{"self":[{"href":"https:\/\/gomera-vida.es\/es\/wp-json\/wp\/v2\/pages\/35735","targetHints":{"allow":["GET"]}}],"collection":[{"href":"https:\/\/gomera-vida.es\/es\/wp-json\/wp\/v2\/pages"}],"about":[{"href":"https:\/\/gomera-vida.es\/es\/wp-json\/wp\/v2\/types\/page"}],"author":[{"embeddable":true,"href":"https:\/\/gomera-vida.es\/es\/wp-json\/wp\/v2\/users\/1"}],"replies":[{"embeddable":true,"href":"https:\/\/gomera-vida.es\/es\/wp-json\/wp\/v2\/comments?post=35735"}],"version-history":[{"count":0,"href":"https:\/\/gomera-vida.es\/es\/wp-json\/wp\/v2\/pages\/35735\/revisions"}],"wp:attachment":[{"href":"https:\/\/gomera-vida.es\/es\/wp-json\/wp\/v2\/media?parent=35735"}],"curies":[{"name":"wp","href":"https:\/\/api.w.org\/{rel}","templated":true}]}}