{"id":35715,"date":"2025-01-14T09:49:25","date_gmt":"2025-01-14T09:49:25","guid":{"rendered":"https:\/\/gomera-vida.es\/avertissement\/"},"modified":"2025-01-14T11:21:47","modified_gmt":"2025-01-14T11:21:47","slug":"avertissement","status":"publish","type":"page","link":"https:\/\/gomera-vida.es\/es\/avertissement\/","title":{"rendered":"Advertencia"},"content":{"rendered":"<div  class='flex_column av-nujtu3-514b1a5968e80709209a792044188a07 av_one_full  avia-builder-el-0  avia-builder-el-no-sibling  first flex_column_div  '     ><section  class='av_textblock_section av-m5wajszt-e47b1bf7ed79f1e3ae1792b4f25cafac '   itemscope=\"itemscope\" itemtype=\"https:\/\/schema.org\/CreativeWork\" ><div class='avia_textblock'  itemprop=\"text\" ><p class=\"p5\"><b>Acceso al sitio<\/b><\/p>\n<p class=\"p1\">Al acceder al sitio web <b>https:\/\/gomera-vida.es<\/b>, reconoces que has le\u00eddo las siguientes condiciones y aceptas cumplirlas.<\/p>\n<p class=\"p5\"><b>Contenido del sitio<\/b><\/p>\n<p class=\"p1\">El contenido publicado en <b>https:\/\/gomera-vida.es<\/b> se proporciona \u00fanicamente con fines informativos y est\u00e1 sujeto a cambios sin previo aviso. Aunque hacemos todo lo posible por asegurar la exactitud de la informaci\u00f3n, no podemos garantizar que est\u00e9 completa o actualizada. <\/p>\n<p class=\"p6\">-Las descripciones, consejos e informaci\u00f3n presentados en este sitio no sustituyen las recomendaciones de profesionales cualificados.<\/p>\n<p class=\"p6\">-Las im\u00e1genes, v\u00eddeos y textos son propiedad de sus respectivos autores y est\u00e1n protegidos por derechos de autor.<\/p>\n<p class=\"p5\"><b>Limitaci\u00f3n de responsabilidad<\/b><\/p>\n<p class=\"p7\">1<b>.uso de la informaci\u00f3n<\/b><\/p>\n<p class=\"p1\">Cualquier uso de la informaci\u00f3n de este sitio es por tu cuenta y riesgo. No aceptamos ninguna responsabilidad por errores u omisiones en el contenido publicado. <\/p>\n<p class=\"p7\">2<b>.enlaces externos<\/b><\/p>\n<p class=\"p1\">El sitio puede contener enlaces a sitios de terceros. No tenemos ning\u00fan control sobre su contenido y no aceptamos ninguna responsabilidad por la informaci\u00f3n o los servicios que proporcionen. <\/p>\n<p class=\"p7\">3<b>Fallos t\u00e9cnicos<\/b><\/p>\n<p class=\"p1\">Aunque hacemos todo lo posible para garantizar el buen funcionamiento del sitio, pueden producirse interrupciones temporales o errores t\u00e9cnicos. No nos hacemos responsables de los da\u00f1os causados por interrupciones en el uso del sitio. <\/p>\n<p class=\"p5\"><b>Protecci\u00f3n de menores<\/b><\/p>\n<p class=\"p1\">Si el sitio contiene material que puede no ser adecuado para un p\u00fablico joven, los padres o tutores son responsables de supervisar el acceso de los menores al contenido publicado.<\/p>\n<p class=\"p5\"><b>Recogida y uso de datos<\/b><\/p>\n<p class=\"p1\">Para m\u00e1s informaci\u00f3n sobre c\u00f3mo procesamos tus datos personales, consulta nuestra <a href=\"https:\/\/gomera-vida.es\/es\/declaration-de-confidentialite\/\">Declaraci\u00f3n de privacidad<\/a>.<\/p>\n<p class=\"p5\"><b>Propiedad intelectual<\/b><\/p>\n<p class=\"p1\">Todo el contenido de este sitio est\u00e1 protegido por derechos de autor. Queda prohibido reproducir, modificar, distribuir o explotar los elementos del sitio sin la autorizaci\u00f3n previa por escrito de <b>H\u00e9l\u00e9na Turin<\/b>. <\/p>\n<p class=\"p5\"><b>Cambios<\/b><\/p>\n<p class=\"p1\">Este texto puede actualizarse en cualquier momento. Consulta esta p\u00e1gina con regularidad. <\/p>\n<p class=\"p5\"><b>Ponte en contacto con<\/b><\/p>\n<p class=\"p1\">Si tienes alguna pregunta o comentario sobre esta p\u00e1gina, ponte en contacto con nosotros:<\/p>\n<p class=\"p6\"><b>Correo electr\u00f3nico<\/b>: <a href=\"mailto:contact@gomera-vida.es\">contact@gomera-vida.es<\/a><\/p>\n<p class=\"p6\"><b>-Direcci\u00f3n<\/b>: Rte de la G\u00e9rine 26, 1723 Marly, Suiza<\/p>\n<p class=\"p1\">Si te gusta esta propuesta, puedes a\u00f1adirla a tu sitio. Si deseas alg\u00fan ajuste o secciones adicionales, \u00a1h\u00e1zmelo saber! \ud83d\ude0a<\/p>\n<\/div><\/section><\/div>\n","protected":false},"excerpt":{"rendered":"","protected":false},"author":1,"featured_media":0,"parent":0,"menu_order":0,"comment_status":"closed","ping_status":"closed","template":"","meta":{"footnotes":""},"class_list":["post-35715","page","type-page","status-publish","hentry"],"yoast_head":"<!-- This site is optimized with the Yoast SEO plugin v27.3 - https:\/\/yoast.com\/product\/yoast-seo-wordpress\/ -->\n<title>Advertencia - Gomera Vida<\/title>\n<meta name=\"robots\" content=\"index, follow, max-snippet:-1, max-image-preview:large, max-video-preview:-1\" \/>\n<link rel=\"canonical\" href=\"https:\/\/gomera-vida.es\/es\/avertissement\/\" \/>\n<meta property=\"og:locale\" content=\"es_ES\" \/>\n<meta property=\"og:type\" content=\"article\" \/>\n<meta property=\"og:title\" content=\"Advertencia - Gomera Vida\" \/>\n<meta property=\"og:url\" content=\"https:\/\/gomera-vida.es\/es\/avertissement\/\" \/>\n<meta property=\"og:site_name\" content=\"Gomera Vida\" \/>\n<meta property=\"article:modified_time\" content=\"2025-01-14T11:21:47+00:00\" \/>\n<meta name=\"twitter:card\" content=\"summary_large_image\" \/>\n<meta name=\"twitter:label1\" content=\"Tiempo de lectura\" \/>\n\t<meta name=\"twitter:data1\" content=\"5 minutos\" \/>\n<script type=\"application\/ld+json\" class=\"yoast-schema-graph\">{\"@context\":\"https:\\\/\\\/schema.org\",\"@graph\":[{\"@type\":\"WebPage\",\"@id\":\"https:\\\/\\\/gomera-vida.es\\\/es\\\/avertissement\\\/\",\"url\":\"https:\\\/\\\/gomera-vida.es\\\/es\\\/avertissement\\\/\",\"name\":\"Advertencia - Gomera Vida\",\"isPartOf\":{\"@id\":\"https:\\\/\\\/gomera-vida.es\\\/#website\"},\"datePublished\":\"2025-01-14T09:49:25+00:00\",\"dateModified\":\"2025-01-14T11:21:47+00:00\",\"breadcrumb\":{\"@id\":\"https:\\\/\\\/gomera-vida.es\\\/es\\\/avertissement\\\/#breadcrumb\"},\"inLanguage\":\"es\",\"potentialAction\":[{\"@type\":\"ReadAction\",\"target\":[\"https:\\\/\\\/gomera-vida.es\\\/es\\\/avertissement\\\/\"]}]},{\"@type\":\"BreadcrumbList\",\"@id\":\"https:\\\/\\\/gomera-vida.es\\\/es\\\/avertissement\\\/#breadcrumb\",\"itemListElement\":[{\"@type\":\"ListItem\",\"position\":1,\"name\":\"Inicio\",\"item\":\"https:\\\/\\\/gomera-vida.es\\\/es\\\/inicio-3\\\/\"},{\"@type\":\"ListItem\",\"position\":2,\"name\":\"Advertencia\"}]},{\"@type\":\"WebSite\",\"@id\":\"https:\\\/\\\/gomera-vida.es\\\/#website\",\"url\":\"https:\\\/\\\/gomera-vida.es\\\/\",\"name\":\"Gomera Vida\",\"description\":\"\",\"potentialAction\":[{\"@type\":\"SearchAction\",\"target\":{\"@type\":\"EntryPoint\",\"urlTemplate\":\"https:\\\/\\\/gomera-vida.es\\\/?s={search_term_string}\"},\"query-input\":{\"@type\":\"PropertyValueSpecification\",\"valueRequired\":true,\"valueName\":\"search_term_string\"}}],\"inLanguage\":\"es\"}]}<\/script>\n<!-- \/ Yoast SEO plugin. -->","yoast_head_json":{"title":"Advertencia - Gomera Vida","robots":{"index":"index","follow":"follow","max-snippet":"max-snippet:-1","max-image-preview":"max-image-preview:large","max-video-preview":"max-video-preview:-1"},"canonical":"https:\/\/gomera-vida.es\/es\/avertissement\/","og_locale":"es_ES","og_type":"article","og_title":"Advertencia - Gomera Vida","og_url":"https:\/\/gomera-vida.es\/es\/avertissement\/","og_site_name":"Gomera Vida","article_modified_time":"2025-01-14T11:21:47+00:00","twitter_card":"summary_large_image","twitter_misc":{"Tiempo de lectura":"5 minutos"},"schema":{"@context":"https:\/\/schema.org","@graph":[{"@type":"WebPage","@id":"https:\/\/gomera-vida.es\/es\/avertissement\/","url":"https:\/\/gomera-vida.es\/es\/avertissement\/","name":"Advertencia - Gomera Vida","isPartOf":{"@id":"https:\/\/gomera-vida.es\/#website"},"datePublished":"2025-01-14T09:49:25+00:00","dateModified":"2025-01-14T11:21:47+00:00","breadcrumb":{"@id":"https:\/\/gomera-vida.es\/es\/avertissement\/#breadcrumb"},"inLanguage":"es","potentialAction":[{"@type":"ReadAction","target":["https:\/\/gomera-vida.es\/es\/avertissement\/"]}]},{"@type":"BreadcrumbList","@id":"https:\/\/gomera-vida.es\/es\/avertissement\/#breadcrumb","itemListElement":[{"@type":"ListItem","position":1,"name":"Inicio","item":"https:\/\/gomera-vida.es\/es\/inicio-3\/"},{"@type":"ListItem","position":2,"name":"Advertencia"}]},{"@type":"WebSite","@id":"https:\/\/gomera-vida.es\/#website","url":"https:\/\/gomera-vida.es\/","name":"Gomera Vida","description":"","potentialAction":[{"@type":"SearchAction","target":{"@type":"EntryPoint","urlTemplate":"https:\/\/gomera-vida.es\/?s={search_term_string}"},"query-input":{"@type":"PropertyValueSpecification","valueRequired":true,"valueName":"search_term_string"}}],"inLanguage":"es"}]}},"_links":{"self":[{"href":"https:\/\/gomera-vida.es\/es\/wp-json\/wp\/v2\/pages\/35715","targetHints":{"allow":["GET"]}}],"collection":[{"href":"https:\/\/gomera-vida.es\/es\/wp-json\/wp\/v2\/pages"}],"about":[{"href":"https:\/\/gomera-vida.es\/es\/wp-json\/wp\/v2\/types\/page"}],"author":[{"embeddable":true,"href":"https:\/\/gomera-vida.es\/es\/wp-json\/wp\/v2\/users\/1"}],"replies":[{"embeddable":true,"href":"https:\/\/gomera-vida.es\/es\/wp-json\/wp\/v2\/comments?post=35715"}],"version-history":[{"count":0,"href":"https:\/\/gomera-vida.es\/es\/wp-json\/wp\/v2\/pages\/35715\/revisions"}],"wp:attachment":[{"href":"https:\/\/gomera-vida.es\/es\/wp-json\/wp\/v2\/media?parent=35715"}],"curies":[{"name":"wp","href":"https:\/\/api.w.org\/{rel}","templated":true}]}}