{"id":36977,"date":"2025-04-04T10:27:50","date_gmt":"2025-04-04T09:27:50","guid":{"rendered":"https:\/\/gomera-vida.es\/?post_type=product&#038;p=36977"},"modified":"2025-04-04T11:34:51","modified_gmt":"2025-04-04T10:34:51","slug":"portemonnaie-rosa-01","status":"publish","type":"product","link":"https:\/\/gomera-vida.es\/de\/produit\/portemonnaie-rosa-01\/","title":{"rendered":"Portemonnaie rosa 01"},"content":{"rendered":"<p>Rosa geh\u00e4keltes Portemonnaie mit hellrosa Rei\u00dfverschluss<\/p>\n<p>\ud83d\ude9a Kostenlose Lieferung auf die Insel La Gomera<\/p>\n","protected":false},"excerpt":{"rendered":"<p>Rosa geh\u00e4keltes Portemonnaie mit hellrosa Rei\u00dfverschluss, \u00fcberall auf La Gomera erh\u00e4ltlich, praktisch und elegant, um kleine Gegenst\u00e4nde zu verstauen.<\/p>\n","protected":false},"featured_media":36985,"comment_status":"open","ping_status":"closed","template":"","meta":[],"product_brand":[],"product_cat":[118],"product_tag":[],"class_list":{"0":"post-36977","1":"product","2":"type-product","3":"status-publish","4":"has-post-thumbnail","6":"product_cat-taschen-und-portemonnaie","8":"first","9":"instock","10":"shipping-taxable","11":"purchasable","12":"product-type-simple"},"yoast_head":"<!-- This site is optimized with the Yoast SEO plugin v27.3 - https:\/\/yoast.com\/product\/yoast-seo-wordpress\/ -->\n<title>Portemonnaie rosa 01 - Gomera Vida<\/title>\n<meta name=\"description\" content=\"Rosa geh\u00e4keltes Portemonnaie mit hellrosa Rei\u00dfverschluss, \u00fcberall auf La Gomera erh\u00e4ltlich, praktisch und elegant, um kleine Gegenst\u00e4nde zu verstauen.\" \/>\n<meta name=\"robots\" content=\"index, follow, max-snippet:-1, max-image-preview:large, max-video-preview:-1\" \/>\n<link rel=\"canonical\" href=\"https:\/\/gomera-vida.es\/de\/produit\/portemonnaie-rosa-01\/\" \/>\n<meta property=\"og:locale\" content=\"de_DE\" \/>\n<meta property=\"og:type\" content=\"article\" \/>\n<meta property=\"og:title\" content=\"Portemonnaie rosa 01 - Gomera Vida\" \/>\n<meta property=\"og:description\" content=\"Rosa geh\u00e4keltes Portemonnaie mit hellrosa Rei\u00dfverschluss, \u00fcberall auf La Gomera erh\u00e4ltlich, praktisch und elegant, um kleine Gegenst\u00e4nde zu verstauen.\" \/>\n<meta property=\"og:url\" content=\"https:\/\/gomera-vida.es\/de\/produit\/portemonnaie-rosa-01\/\" \/>\n<meta property=\"og:site_name\" content=\"Gomera Vida\" \/>\n<meta property=\"article:modified_time\" content=\"2025-04-04T10:34:51+00:00\" \/>\n<meta property=\"og:image\" content=\"https:\/\/gomera-vida.es\/wp-content\/uploads\/2025\/04\/03942E53-A31C-45EB-899D-B0E205EAED51_1_105_c.jpeg\" \/>\n\t<meta property=\"og:image:width\" content=\"665\" \/>\n\t<meta property=\"og:image:height\" content=\"1182\" \/>\n\t<meta property=\"og:image:type\" content=\"image\/jpeg\" \/>\n<meta name=\"twitter:card\" content=\"summary_large_image\" \/>\n<script type=\"application\/ld+json\" class=\"yoast-schema-graph\">{\"@context\":\"https:\\\/\\\/schema.org\",\"@graph\":[{\"@type\":\"WebPage\",\"@id\":\"https:\\\/\\\/gomera-vida.es\\\/de\\\/produit\\\/portemonnaie-rosa-01\\\/\",\"url\":\"https:\\\/\\\/gomera-vida.es\\\/de\\\/produit\\\/portemonnaie-rosa-01\\\/\",\"name\":\"Portemonnaie rosa 01 - Gomera Vida\",\"isPartOf\":{\"@id\":\"https:\\\/\\\/gomera-vida.es\\\/#website\"},\"primaryImageOfPage\":{\"@id\":\"https:\\\/\\\/gomera-vida.es\\\/de\\\/produit\\\/portemonnaie-rosa-01\\\/#primaryimage\"},\"image\":{\"@id\":\"https:\\\/\\\/gomera-vida.es\\\/de\\\/produit\\\/portemonnaie-rosa-01\\\/#primaryimage\"},\"thumbnailUrl\":\"https:\\\/\\\/gomera-vida.es\\\/wp-content\\\/uploads\\\/2025\\\/04\\\/03942E53-A31C-45EB-899D-B0E205EAED51_1_105_c.jpeg\",\"datePublished\":\"2025-04-04T09:27:50+00:00\",\"dateModified\":\"2025-04-04T10:34:51+00:00\",\"description\":\"Rosa geh\u00e4keltes Portemonnaie mit hellrosa Rei\u00dfverschluss, \u00fcberall auf La Gomera erh\u00e4ltlich, praktisch und elegant, um kleine Gegenst\u00e4nde zu verstauen.\",\"breadcrumb\":{\"@id\":\"https:\\\/\\\/gomera-vida.es\\\/de\\\/produit\\\/portemonnaie-rosa-01\\\/#breadcrumb\"},\"inLanguage\":\"de\",\"potentialAction\":[{\"@type\":\"ReadAction\",\"target\":[\"https:\\\/\\\/gomera-vida.es\\\/de\\\/produit\\\/portemonnaie-rosa-01\\\/\"]}]},{\"@type\":\"ImageObject\",\"inLanguage\":\"de\",\"@id\":\"https:\\\/\\\/gomera-vida.es\\\/de\\\/produit\\\/portemonnaie-rosa-01\\\/#primaryimage\",\"url\":\"https:\\\/\\\/gomera-vida.es\\\/wp-content\\\/uploads\\\/2025\\\/04\\\/03942E53-A31C-45EB-899D-B0E205EAED51_1_105_c.jpeg\",\"contentUrl\":\"https:\\\/\\\/gomera-vida.es\\\/wp-content\\\/uploads\\\/2025\\\/04\\\/03942E53-A31C-45EB-899D-B0E205EAED51_1_105_c.jpeg\",\"width\":665,\"height\":1182},{\"@type\":\"BreadcrumbList\",\"@id\":\"https:\\\/\\\/gomera-vida.es\\\/de\\\/produit\\\/portemonnaie-rosa-01\\\/#breadcrumb\",\"itemListElement\":[{\"@type\":\"ListItem\",\"position\":1,\"name\":\"Startseite\",\"item\":\"https:\\\/\\\/gomera-vida.es\\\/de\\\/startseite-3\\\/\"},{\"@type\":\"ListItem\",\"position\":2,\"name\":\"Boutique\",\"item\":\"https:\\\/\\\/gomera-vida.es\\\/boutique\\\/\"},{\"@type\":\"ListItem\",\"position\":3,\"name\":\"Portemonnaie rosa 01\"}]},{\"@type\":\"WebSite\",\"@id\":\"https:\\\/\\\/gomera-vida.es\\\/#website\",\"url\":\"https:\\\/\\\/gomera-vida.es\\\/\",\"name\":\"Gomera Vida\",\"description\":\"\",\"potentialAction\":[{\"@type\":\"SearchAction\",\"target\":{\"@type\":\"EntryPoint\",\"urlTemplate\":\"https:\\\/\\\/gomera-vida.es\\\/?s={search_term_string}\"},\"query-input\":{\"@type\":\"PropertyValueSpecification\",\"valueRequired\":true,\"valueName\":\"search_term_string\"}}],\"inLanguage\":\"de\"}]}<\/script>\n<!-- \/ Yoast SEO plugin. -->","yoast_head_json":{"title":"Portemonnaie rosa 01 - Gomera Vida","description":"Rosa geh\u00e4keltes Portemonnaie mit hellrosa Rei\u00dfverschluss, \u00fcberall auf La Gomera erh\u00e4ltlich, praktisch und elegant, um kleine Gegenst\u00e4nde zu verstauen.","robots":{"index":"index","follow":"follow","max-snippet":"max-snippet:-1","max-image-preview":"max-image-preview:large","max-video-preview":"max-video-preview:-1"},"canonical":"https:\/\/gomera-vida.es\/de\/produit\/portemonnaie-rosa-01\/","og_locale":"de_DE","og_type":"article","og_title":"Portemonnaie rosa 01 - Gomera Vida","og_description":"Rosa geh\u00e4keltes Portemonnaie mit hellrosa Rei\u00dfverschluss, \u00fcberall auf La Gomera erh\u00e4ltlich, praktisch und elegant, um kleine Gegenst\u00e4nde zu verstauen.","og_url":"https:\/\/gomera-vida.es\/de\/produit\/portemonnaie-rosa-01\/","og_site_name":"Gomera Vida","article_modified_time":"2025-04-04T10:34:51+00:00","og_image":[{"width":665,"height":1182,"url":"https:\/\/gomera-vida.es\/wp-content\/uploads\/2025\/04\/03942E53-A31C-45EB-899D-B0E205EAED51_1_105_c.jpeg","type":"image\/jpeg"}],"twitter_card":"summary_large_image","schema":{"@context":"https:\/\/schema.org","@graph":[{"@type":"WebPage","@id":"https:\/\/gomera-vida.es\/de\/produit\/portemonnaie-rosa-01\/","url":"https:\/\/gomera-vida.es\/de\/produit\/portemonnaie-rosa-01\/","name":"Portemonnaie rosa 01 - Gomera Vida","isPartOf":{"@id":"https:\/\/gomera-vida.es\/#website"},"primaryImageOfPage":{"@id":"https:\/\/gomera-vida.es\/de\/produit\/portemonnaie-rosa-01\/#primaryimage"},"image":{"@id":"https:\/\/gomera-vida.es\/de\/produit\/portemonnaie-rosa-01\/#primaryimage"},"thumbnailUrl":"https:\/\/gomera-vida.es\/wp-content\/uploads\/2025\/04\/03942E53-A31C-45EB-899D-B0E205EAED51_1_105_c.jpeg","datePublished":"2025-04-04T09:27:50+00:00","dateModified":"2025-04-04T10:34:51+00:00","description":"Rosa geh\u00e4keltes Portemonnaie mit hellrosa Rei\u00dfverschluss, \u00fcberall auf La Gomera erh\u00e4ltlich, praktisch und elegant, um kleine Gegenst\u00e4nde zu verstauen.","breadcrumb":{"@id":"https:\/\/gomera-vida.es\/de\/produit\/portemonnaie-rosa-01\/#breadcrumb"},"inLanguage":"de","potentialAction":[{"@type":"ReadAction","target":["https:\/\/gomera-vida.es\/de\/produit\/portemonnaie-rosa-01\/"]}]},{"@type":"ImageObject","inLanguage":"de","@id":"https:\/\/gomera-vida.es\/de\/produit\/portemonnaie-rosa-01\/#primaryimage","url":"https:\/\/gomera-vida.es\/wp-content\/uploads\/2025\/04\/03942E53-A31C-45EB-899D-B0E205EAED51_1_105_c.jpeg","contentUrl":"https:\/\/gomera-vida.es\/wp-content\/uploads\/2025\/04\/03942E53-A31C-45EB-899D-B0E205EAED51_1_105_c.jpeg","width":665,"height":1182},{"@type":"BreadcrumbList","@id":"https:\/\/gomera-vida.es\/de\/produit\/portemonnaie-rosa-01\/#breadcrumb","itemListElement":[{"@type":"ListItem","position":1,"name":"Startseite","item":"https:\/\/gomera-vida.es\/de\/startseite-3\/"},{"@type":"ListItem","position":2,"name":"Boutique","item":"https:\/\/gomera-vida.es\/boutique\/"},{"@type":"ListItem","position":3,"name":"Portemonnaie rosa 01"}]},{"@type":"WebSite","@id":"https:\/\/gomera-vida.es\/#website","url":"https:\/\/gomera-vida.es\/","name":"Gomera Vida","description":"","potentialAction":[{"@type":"SearchAction","target":{"@type":"EntryPoint","urlTemplate":"https:\/\/gomera-vida.es\/?s={search_term_string}"},"query-input":{"@type":"PropertyValueSpecification","valueRequired":true,"valueName":"search_term_string"}}],"inLanguage":"de"}]}},"_links":{"self":[{"href":"https:\/\/gomera-vida.es\/de\/wp-json\/wp\/v2\/product\/36977","targetHints":{"allow":["GET"]}}],"collection":[{"href":"https:\/\/gomera-vida.es\/de\/wp-json\/wp\/v2\/product"}],"about":[{"href":"https:\/\/gomera-vida.es\/de\/wp-json\/wp\/v2\/types\/product"}],"replies":[{"embeddable":true,"href":"https:\/\/gomera-vida.es\/de\/wp-json\/wp\/v2\/comments?post=36977"}],"wp:featuredmedia":[{"embeddable":true,"href":"https:\/\/gomera-vida.es\/de\/wp-json\/wp\/v2\/media\/36985"}],"wp:attachment":[{"href":"https:\/\/gomera-vida.es\/de\/wp-json\/wp\/v2\/media?parent=36977"}],"wp:term":[{"taxonomy":"product_brand","embeddable":true,"href":"https:\/\/gomera-vida.es\/de\/wp-json\/wp\/v2\/product_brand?post=36977"},{"taxonomy":"product_cat","embeddable":true,"href":"https:\/\/gomera-vida.es\/de\/wp-json\/wp\/v2\/product_cat?post=36977"},{"taxonomy":"product_tag","embeddable":true,"href":"https:\/\/gomera-vida.es\/de\/wp-json\/wp\/v2\/product_tag?post=36977"}],"curies":[{"name":"wp","href":"https:\/\/api.w.org\/{rel}","templated":true}]}}