{"id":36065,"date":"2025-01-16T17:43:17","date_gmt":"2025-01-16T17:43:17","guid":{"rendered":"https:\/\/gomera-vida.es\/produit\/chouchou-en-crochet-vert\/"},"modified":"2025-09-04T21:13:08","modified_gmt":"2025-09-04T20:13:08","slug":"grunes-gehakeltes-haargummi","status":"publish","type":"product","link":"https:\/\/gomera-vida.es\/de\/produit\/grunes-gehakeltes-haargummi\/","title":{"rendered":"Geh\u00e4keltes Haargummi"},"content":{"rendered":"<p>Gr\u00fcnes geh\u00e4keltes Haargummi zum Zusammenbinden der Haare, handgefertigt in der Schweiz.<\/p>\n<p>&nbsp;<\/p>\n<p>\ud83d\ude9a Kostenloser Versand auf der gesamten Insel La Gomera<\/p>\n<p>&nbsp;<\/p>\n","protected":false},"excerpt":{"rendered":"<p>Gr\u00fcnes geh\u00e4keltes Haargummi<\/p>\n","protected":false},"featured_media":35476,"comment_status":"open","ping_status":"closed","template":"","meta":[],"product_brand":[],"product_cat":[91],"product_tag":[],"class_list":{"0":"post-36065","1":"product","2":"type-product","3":"status-publish","4":"has-post-thumbnail","6":"product_cat-haargummi","8":"first","9":"instock","10":"shipping-taxable","11":"purchasable","12":"product-type-simple"},"yoast_head":"<!-- This site is optimized with the Yoast SEO plugin v27.3 - https:\/\/yoast.com\/product\/yoast-seo-wordpress\/ -->\n<title>Geh\u00e4keltes Haargummi - Gomera Vida<\/title>\n<meta name=\"robots\" content=\"index, follow, max-snippet:-1, max-image-preview:large, max-video-preview:-1\" \/>\n<link rel=\"canonical\" href=\"https:\/\/gomera-vida.es\/de\/produit\/grunes-gehakeltes-haargummi\/\" \/>\n<meta property=\"og:locale\" content=\"de_DE\" \/>\n<meta property=\"og:type\" content=\"article\" \/>\n<meta property=\"og:title\" content=\"Geh\u00e4keltes Haargummi - Gomera Vida\" \/>\n<meta property=\"og:description\" content=\"Gr\u00fcnes geh\u00e4keltes Haargummi\" \/>\n<meta property=\"og:url\" content=\"https:\/\/gomera-vida.es\/de\/produit\/grunes-gehakeltes-haargummi\/\" \/>\n<meta property=\"og:site_name\" content=\"Gomera Vida\" \/>\n<meta property=\"article:modified_time\" content=\"2025-09-04T20:13:08+00:00\" \/>\n<meta property=\"og:image\" content=\"https:\/\/gomera-vida.es\/wp-content\/uploads\/2025\/01\/chouchou-grand-crochet-vert-824x1030.jpg\" \/>\n\t<meta property=\"og:image:width\" content=\"824\" \/>\n\t<meta property=\"og:image:height\" content=\"1030\" \/>\n\t<meta property=\"og:image:type\" content=\"image\/jpeg\" \/>\n<meta name=\"twitter:card\" content=\"summary_large_image\" \/>\n<meta name=\"twitter:label1\" content=\"Gesch\u00e4tzte Lesezeit\" \/>\n\t<meta name=\"twitter:data1\" content=\"1\u00a0Minute\" \/>\n<script type=\"application\/ld+json\" class=\"yoast-schema-graph\">{\"@context\":\"https:\\\/\\\/schema.org\",\"@graph\":[{\"@type\":\"WebPage\",\"@id\":\"https:\\\/\\\/gomera-vida.es\\\/de\\\/produit\\\/grunes-gehakeltes-haargummi\\\/\",\"url\":\"https:\\\/\\\/gomera-vida.es\\\/de\\\/produit\\\/grunes-gehakeltes-haargummi\\\/\",\"name\":\"Geh\u00e4keltes Haargummi - Gomera Vida\",\"isPartOf\":{\"@id\":\"https:\\\/\\\/gomera-vida.es\\\/#website\"},\"primaryImageOfPage\":{\"@id\":\"https:\\\/\\\/gomera-vida.es\\\/de\\\/produit\\\/grunes-gehakeltes-haargummi\\\/#primaryimage\"},\"image\":{\"@id\":\"https:\\\/\\\/gomera-vida.es\\\/de\\\/produit\\\/grunes-gehakeltes-haargummi\\\/#primaryimage\"},\"thumbnailUrl\":\"https:\\\/\\\/gomera-vida.es\\\/wp-content\\\/uploads\\\/2025\\\/01\\\/chouchou-grand-crochet-vert-scaled-scaled.jpg\",\"datePublished\":\"2025-01-16T17:43:17+00:00\",\"dateModified\":\"2025-09-04T20:13:08+00:00\",\"breadcrumb\":{\"@id\":\"https:\\\/\\\/gomera-vida.es\\\/de\\\/produit\\\/grunes-gehakeltes-haargummi\\\/#breadcrumb\"},\"inLanguage\":\"de\",\"potentialAction\":[{\"@type\":\"ReadAction\",\"target\":[\"https:\\\/\\\/gomera-vida.es\\\/de\\\/produit\\\/grunes-gehakeltes-haargummi\\\/\"]}]},{\"@type\":\"ImageObject\",\"inLanguage\":\"de\",\"@id\":\"https:\\\/\\\/gomera-vida.es\\\/de\\\/produit\\\/grunes-gehakeltes-haargummi\\\/#primaryimage\",\"url\":\"https:\\\/\\\/gomera-vida.es\\\/wp-content\\\/uploads\\\/2025\\\/01\\\/chouchou-grand-crochet-vert-scaled-scaled.jpg\",\"contentUrl\":\"https:\\\/\\\/gomera-vida.es\\\/wp-content\\\/uploads\\\/2025\\\/01\\\/chouchou-grand-crochet-vert-scaled-scaled.jpg\",\"width\":1760,\"height\":2200},{\"@type\":\"BreadcrumbList\",\"@id\":\"https:\\\/\\\/gomera-vida.es\\\/de\\\/produit\\\/grunes-gehakeltes-haargummi\\\/#breadcrumb\",\"itemListElement\":[{\"@type\":\"ListItem\",\"position\":1,\"name\":\"Startseite\",\"item\":\"https:\\\/\\\/gomera-vida.es\\\/de\\\/startseite-3\\\/\"},{\"@type\":\"ListItem\",\"position\":2,\"name\":\"Boutique\",\"item\":\"https:\\\/\\\/gomera-vida.es\\\/boutique\\\/\"},{\"@type\":\"ListItem\",\"position\":3,\"name\":\"Geh\u00e4keltes Haargummi\"}]},{\"@type\":\"WebSite\",\"@id\":\"https:\\\/\\\/gomera-vida.es\\\/#website\",\"url\":\"https:\\\/\\\/gomera-vida.es\\\/\",\"name\":\"Gomera Vida\",\"description\":\"\",\"potentialAction\":[{\"@type\":\"SearchAction\",\"target\":{\"@type\":\"EntryPoint\",\"urlTemplate\":\"https:\\\/\\\/gomera-vida.es\\\/?s={search_term_string}\"},\"query-input\":{\"@type\":\"PropertyValueSpecification\",\"valueRequired\":true,\"valueName\":\"search_term_string\"}}],\"inLanguage\":\"de\"}]}<\/script>\n<!-- \/ Yoast SEO plugin. -->","yoast_head_json":{"title":"Geh\u00e4keltes Haargummi - Gomera Vida","robots":{"index":"index","follow":"follow","max-snippet":"max-snippet:-1","max-image-preview":"max-image-preview:large","max-video-preview":"max-video-preview:-1"},"canonical":"https:\/\/gomera-vida.es\/de\/produit\/grunes-gehakeltes-haargummi\/","og_locale":"de_DE","og_type":"article","og_title":"Geh\u00e4keltes Haargummi - Gomera Vida","og_description":"Gr\u00fcnes geh\u00e4keltes Haargummi","og_url":"https:\/\/gomera-vida.es\/de\/produit\/grunes-gehakeltes-haargummi\/","og_site_name":"Gomera Vida","article_modified_time":"2025-09-04T20:13:08+00:00","og_image":[{"width":824,"height":1030,"url":"https:\/\/gomera-vida.es\/wp-content\/uploads\/2025\/01\/chouchou-grand-crochet-vert-824x1030.jpg","type":"image\/jpeg"}],"twitter_card":"summary_large_image","twitter_misc":{"Gesch\u00e4tzte Lesezeit":"1\u00a0Minute"},"schema":{"@context":"https:\/\/schema.org","@graph":[{"@type":"WebPage","@id":"https:\/\/gomera-vida.es\/de\/produit\/grunes-gehakeltes-haargummi\/","url":"https:\/\/gomera-vida.es\/de\/produit\/grunes-gehakeltes-haargummi\/","name":"Geh\u00e4keltes Haargummi - Gomera Vida","isPartOf":{"@id":"https:\/\/gomera-vida.es\/#website"},"primaryImageOfPage":{"@id":"https:\/\/gomera-vida.es\/de\/produit\/grunes-gehakeltes-haargummi\/#primaryimage"},"image":{"@id":"https:\/\/gomera-vida.es\/de\/produit\/grunes-gehakeltes-haargummi\/#primaryimage"},"thumbnailUrl":"https:\/\/gomera-vida.es\/wp-content\/uploads\/2025\/01\/chouchou-grand-crochet-vert-scaled-scaled.jpg","datePublished":"2025-01-16T17:43:17+00:00","dateModified":"2025-09-04T20:13:08+00:00","breadcrumb":{"@id":"https:\/\/gomera-vida.es\/de\/produit\/grunes-gehakeltes-haargummi\/#breadcrumb"},"inLanguage":"de","potentialAction":[{"@type":"ReadAction","target":["https:\/\/gomera-vida.es\/de\/produit\/grunes-gehakeltes-haargummi\/"]}]},{"@type":"ImageObject","inLanguage":"de","@id":"https:\/\/gomera-vida.es\/de\/produit\/grunes-gehakeltes-haargummi\/#primaryimage","url":"https:\/\/gomera-vida.es\/wp-content\/uploads\/2025\/01\/chouchou-grand-crochet-vert-scaled-scaled.jpg","contentUrl":"https:\/\/gomera-vida.es\/wp-content\/uploads\/2025\/01\/chouchou-grand-crochet-vert-scaled-scaled.jpg","width":1760,"height":2200},{"@type":"BreadcrumbList","@id":"https:\/\/gomera-vida.es\/de\/produit\/grunes-gehakeltes-haargummi\/#breadcrumb","itemListElement":[{"@type":"ListItem","position":1,"name":"Startseite","item":"https:\/\/gomera-vida.es\/de\/startseite-3\/"},{"@type":"ListItem","position":2,"name":"Boutique","item":"https:\/\/gomera-vida.es\/boutique\/"},{"@type":"ListItem","position":3,"name":"Geh\u00e4keltes Haargummi"}]},{"@type":"WebSite","@id":"https:\/\/gomera-vida.es\/#website","url":"https:\/\/gomera-vida.es\/","name":"Gomera Vida","description":"","potentialAction":[{"@type":"SearchAction","target":{"@type":"EntryPoint","urlTemplate":"https:\/\/gomera-vida.es\/?s={search_term_string}"},"query-input":{"@type":"PropertyValueSpecification","valueRequired":true,"valueName":"search_term_string"}}],"inLanguage":"de"}]}},"_links":{"self":[{"href":"https:\/\/gomera-vida.es\/de\/wp-json\/wp\/v2\/product\/36065","targetHints":{"allow":["GET"]}}],"collection":[{"href":"https:\/\/gomera-vida.es\/de\/wp-json\/wp\/v2\/product"}],"about":[{"href":"https:\/\/gomera-vida.es\/de\/wp-json\/wp\/v2\/types\/product"}],"replies":[{"embeddable":true,"href":"https:\/\/gomera-vida.es\/de\/wp-json\/wp\/v2\/comments?post=36065"}],"wp:featuredmedia":[{"embeddable":true,"href":"https:\/\/gomera-vida.es\/de\/wp-json\/wp\/v2\/media\/35476"}],"wp:attachment":[{"href":"https:\/\/gomera-vida.es\/de\/wp-json\/wp\/v2\/media?parent=36065"}],"wp:term":[{"taxonomy":"product_brand","embeddable":true,"href":"https:\/\/gomera-vida.es\/de\/wp-json\/wp\/v2\/product_brand?post=36065"},{"taxonomy":"product_cat","embeddable":true,"href":"https:\/\/gomera-vida.es\/de\/wp-json\/wp\/v2\/product_cat?post=36065"},{"taxonomy":"product_tag","embeddable":true,"href":"https:\/\/gomera-vida.es\/de\/wp-json\/wp\/v2\/product_tag?post=36065"}],"curies":[{"name":"wp","href":"https:\/\/api.w.org\/{rel}","templated":true}]}}