{"id":35747,"date":"2025-01-14T09:47:00","date_gmt":"2025-01-14T09:47:00","guid":{"rendered":"https:\/\/gomera-vida.es\/mentions-legales\/"},"modified":"2025-01-14T11:21:49","modified_gmt":"2025-01-14T11:21:49","slug":"mentions-legales","status":"publish","type":"page","link":"https:\/\/gomera-vida.es\/de\/mentions-legales\/","title":{"rendered":"Rechtliche Hinweise"},"content":{"rendered":"<div  class='flex_column av-ncie7c-484c01c9c35f55dc478557f8586f33c1 av_one_full  avia-builder-el-0  avia-builder-el-no-sibling  first flex_column_div  '     ><section  class='av_textblock_section av-m5wagneq-4fde59b4f7ca05d53c659dbf7bb0f196 '   itemscope=\"itemscope\" itemtype=\"https:\/\/schema.org\/CreativeWork\" ><div class='avia_textblock'  itemprop=\"text\" ><p class=\"p5\"><b>Eigent\u00fcmer der Website<\/b><\/p>\n<p class=\"p1\">Die Website <b>https:\/\/gomera-vida.es<\/b> wird herausgegeben von :<\/p>\n<p class=\"p6\">&#8211;<b>Name<\/b>: H\u00e9l\u00e9na Turin<\/p>\n<p class=\"p6\">&#8211;<b>Adresse<\/b>: Rte de la G\u00e9rine 26, 1723 Marly, Schweiz<\/p>\n<p class=\"p6\"><b>Kontakt<\/b>: <a href=\"mailto:contact@gomera-vida.es\">contact@gomera-vida.es<\/a><\/p>\n<p class=\"p5\"><b>Unterkunft<\/b><\/p>\n<p class=\"p1\">Die Website wird gehostet von:<\/p>\n<p class=\"p6\">&#8211;<b>Name des Hosts<\/b>: Infomaniak<\/p>\n<p class=\"p6\">&#8211;<b>Adresse<\/b>: Rue Eug\u00e8ne-Marziano 25, 1227 Genf, Schweiz<\/p>\n<p class=\"p6\">&#8211;<b>Website:<\/b> https: <a href=\"https:\/\/www.infomaniak.com\">\/\/www.infomaniak.com<\/a><\/p>\n<p class=\"p5\"><b>Entwurf und Ausf\u00fchrung<\/b><\/p>\n<p class=\"p1\">Die Website <b>https:\/\/gomera-vida.es<\/b> wurde entworfen und realisiert von :<\/p>\n<p class=\"p6\">&#8211;<b>Name<\/b>: Pik-nik.ch<\/p>\n<p class=\"p6\"><b>Kontakt<\/b>: <a href=\"mailto:contact@pik-nik.ch\">contact@pik-nik.ch<\/a><\/p>\n<p class=\"p6\"><b>Website:<\/b> https: <a href=\"https:\/\/www.pik-nik.ch\">\/\/www.pik-nik.ch<\/a><\/p>\n<p class=\"p5\"><b>Geistiges Eigentum<\/b><\/p>\n<p class=\"p1\">Alle Elemente auf der Website <b>https:\/\/gomera-vida.es,<\/b> einschlie\u00dflich Texte, Bilder, Videos, Grafiken, Logos, Icons und deren Formatierung, sind das ausschlie\u00dfliche Eigentum von <b>H\u00e9l\u00e9na Turin<\/b>, sofern nicht ausdr\u00fccklich etwas anderes angegeben ist.<\/p>\n<p class=\"p1\">Die Vervielf\u00e4ltigung, Darstellung, \u00c4nderung, Ver\u00f6ffentlichung und Anpassung aller oder eines Teils der Elemente der Website, unabh\u00e4ngig von den verwendeten Mitteln oder Verfahren, ist ohne vorherige schriftliche Genehmigung von <b>H\u00e9l\u00e9na Turin<\/b> untersagt.<\/p>\n<p class=\"p5\"><b>Beschr\u00e4nkung der Haftung<\/b><\/p>\n<p class=\"p1\">Der Inhalt der Website <b>https:\/\/gomera-vida.es<\/b> wird zu Informationszwecken bereitgestellt. <b>H\u00e9l\u00e9na Turin<\/b> bem\u00fcht sich um die Richtigkeit und Aktualit\u00e4t der Informationen auf der Website, kann jedoch nicht f\u00fcr das Fehlen von Fehlern oder Auslassungen garantieren.<\/p>\n<p class=\"p1\"><b>H\u00e9l\u00e9na Turin<\/b> kann nicht haftbar gemacht werden:<\/p>\n<p class=\"p6\">-F\u00fcr alle direkten oder indirekten Sch\u00e4den, die sich aus der Nutzung der Website ergeben.<\/p>\n<p class=\"p6\">-M\u00f6gliche Unterbrechungen der Website oder Bugs.<\/p>\n<p class=\"p5\"><b>Externe Links<\/b><\/p>\n<p class=\"p1\">Die Website <b>https:\/\/gomera-vida.es<\/b> kann Hyperlinks zu anderen Websites enthalten. <b>H\u00e9l\u00e9na Turin<\/b> hat keine Kontrolle \u00fcber diese Websites und lehnt jede Verantwortung f\u00fcr deren Inhalt ab.<\/p>\n<p class=\"p5\"><b>Verwaltung von pers\u00f6nlichen Daten<\/b><\/p>\n<p class=\"p1\">Informationen \u00fcber die Erhebung und Verarbeitung pers\u00f6nlicher Daten finden Sie in der <a href=\"https:\/\/gomera-vida.es\/de\/declaration-de-confidentialite\/\">Datenschutzerkl\u00e4rung<\/a>.<\/p>\n<p class=\"p5\"><b>Cookies<\/b><\/p>\n<p class=\"p1\">F\u00fcr weitere Informationen \u00fcber die Verwendung von Cookies auf dieser Website lesen Sie bitte unsere <a href=\"https:\/\/gomera-vida.es\/politique-de-cookies\/\">Cookie-Richtlinie<\/a>.<\/p>\n<p class=\"p5\"><b>Anwendbares Recht<\/b><\/p>\n<p class=\"p1\">Die Website <b>https:\/\/gomera-vida.es<\/b> unterliegt dem Schweizer Recht. Im Falle eines Rechtsstreits sind die Gerichte des Gerichtsbezirks zust\u00e4ndig, in dem sich der Sitz der Gesellschaft befindet. <\/p>\n<p class=\"p1\">\n<\/div><\/section><\/div>\n","protected":false},"excerpt":{"rendered":"","protected":false},"author":1,"featured_media":0,"parent":0,"menu_order":0,"comment_status":"closed","ping_status":"closed","template":"","meta":{"footnotes":""},"class_list":["post-35747","page","type-page","status-publish","hentry"],"yoast_head":"<!-- This site is optimized with the Yoast SEO plugin v27.3 - https:\/\/yoast.com\/product\/yoast-seo-wordpress\/ -->\n<title>Rechtliche Hinweise - Gomera Vida<\/title>\n<meta name=\"robots\" content=\"index, follow, max-snippet:-1, max-image-preview:large, max-video-preview:-1\" \/>\n<link rel=\"canonical\" href=\"https:\/\/gomera-vida.es\/de\/mentions-legales\/\" \/>\n<meta property=\"og:locale\" content=\"de_DE\" \/>\n<meta property=\"og:type\" content=\"article\" \/>\n<meta property=\"og:title\" content=\"Rechtliche Hinweise - Gomera Vida\" \/>\n<meta property=\"og:url\" content=\"https:\/\/gomera-vida.es\/de\/mentions-legales\/\" \/>\n<meta property=\"og:site_name\" content=\"Gomera Vida\" \/>\n<meta property=\"article:modified_time\" content=\"2025-01-14T11:21:49+00:00\" \/>\n<meta name=\"twitter:card\" content=\"summary_large_image\" \/>\n<meta name=\"twitter:label1\" content=\"Gesch\u00e4tzte Lesezeit\" \/>\n\t<meta name=\"twitter:data1\" content=\"5\u00a0Minuten\" \/>\n<script type=\"application\/ld+json\" class=\"yoast-schema-graph\">{\"@context\":\"https:\\\/\\\/schema.org\",\"@graph\":[{\"@type\":\"WebPage\",\"@id\":\"https:\\\/\\\/gomera-vida.es\\\/de\\\/mentions-legales\\\/\",\"url\":\"https:\\\/\\\/gomera-vida.es\\\/de\\\/mentions-legales\\\/\",\"name\":\"Rechtliche Hinweise - Gomera Vida\",\"isPartOf\":{\"@id\":\"https:\\\/\\\/gomera-vida.es\\\/#website\"},\"datePublished\":\"2025-01-14T09:47:00+00:00\",\"dateModified\":\"2025-01-14T11:21:49+00:00\",\"breadcrumb\":{\"@id\":\"https:\\\/\\\/gomera-vida.es\\\/de\\\/mentions-legales\\\/#breadcrumb\"},\"inLanguage\":\"de\",\"potentialAction\":[{\"@type\":\"ReadAction\",\"target\":[\"https:\\\/\\\/gomera-vida.es\\\/de\\\/mentions-legales\\\/\"]}]},{\"@type\":\"BreadcrumbList\",\"@id\":\"https:\\\/\\\/gomera-vida.es\\\/de\\\/mentions-legales\\\/#breadcrumb\",\"itemListElement\":[{\"@type\":\"ListItem\",\"position\":1,\"name\":\"Startseite\",\"item\":\"https:\\\/\\\/gomera-vida.es\\\/de\\\/startseite-3\\\/\"},{\"@type\":\"ListItem\",\"position\":2,\"name\":\"Rechtliche Hinweise\"}]},{\"@type\":\"WebSite\",\"@id\":\"https:\\\/\\\/gomera-vida.es\\\/#website\",\"url\":\"https:\\\/\\\/gomera-vida.es\\\/\",\"name\":\"Gomera Vida\",\"description\":\"\",\"potentialAction\":[{\"@type\":\"SearchAction\",\"target\":{\"@type\":\"EntryPoint\",\"urlTemplate\":\"https:\\\/\\\/gomera-vida.es\\\/?s={search_term_string}\"},\"query-input\":{\"@type\":\"PropertyValueSpecification\",\"valueRequired\":true,\"valueName\":\"search_term_string\"}}],\"inLanguage\":\"de\"}]}<\/script>\n<!-- \/ Yoast SEO plugin. -->","yoast_head_json":{"title":"Rechtliche Hinweise - Gomera Vida","robots":{"index":"index","follow":"follow","max-snippet":"max-snippet:-1","max-image-preview":"max-image-preview:large","max-video-preview":"max-video-preview:-1"},"canonical":"https:\/\/gomera-vida.es\/de\/mentions-legales\/","og_locale":"de_DE","og_type":"article","og_title":"Rechtliche Hinweise - Gomera Vida","og_url":"https:\/\/gomera-vida.es\/de\/mentions-legales\/","og_site_name":"Gomera Vida","article_modified_time":"2025-01-14T11:21:49+00:00","twitter_card":"summary_large_image","twitter_misc":{"Gesch\u00e4tzte Lesezeit":"5\u00a0Minuten"},"schema":{"@context":"https:\/\/schema.org","@graph":[{"@type":"WebPage","@id":"https:\/\/gomera-vida.es\/de\/mentions-legales\/","url":"https:\/\/gomera-vida.es\/de\/mentions-legales\/","name":"Rechtliche Hinweise - Gomera Vida","isPartOf":{"@id":"https:\/\/gomera-vida.es\/#website"},"datePublished":"2025-01-14T09:47:00+00:00","dateModified":"2025-01-14T11:21:49+00:00","breadcrumb":{"@id":"https:\/\/gomera-vida.es\/de\/mentions-legales\/#breadcrumb"},"inLanguage":"de","potentialAction":[{"@type":"ReadAction","target":["https:\/\/gomera-vida.es\/de\/mentions-legales\/"]}]},{"@type":"BreadcrumbList","@id":"https:\/\/gomera-vida.es\/de\/mentions-legales\/#breadcrumb","itemListElement":[{"@type":"ListItem","position":1,"name":"Startseite","item":"https:\/\/gomera-vida.es\/de\/startseite-3\/"},{"@type":"ListItem","position":2,"name":"Rechtliche Hinweise"}]},{"@type":"WebSite","@id":"https:\/\/gomera-vida.es\/#website","url":"https:\/\/gomera-vida.es\/","name":"Gomera Vida","description":"","potentialAction":[{"@type":"SearchAction","target":{"@type":"EntryPoint","urlTemplate":"https:\/\/gomera-vida.es\/?s={search_term_string}"},"query-input":{"@type":"PropertyValueSpecification","valueRequired":true,"valueName":"search_term_string"}}],"inLanguage":"de"}]}},"_links":{"self":[{"href":"https:\/\/gomera-vida.es\/de\/wp-json\/wp\/v2\/pages\/35747","targetHints":{"allow":["GET"]}}],"collection":[{"href":"https:\/\/gomera-vida.es\/de\/wp-json\/wp\/v2\/pages"}],"about":[{"href":"https:\/\/gomera-vida.es\/de\/wp-json\/wp\/v2\/types\/page"}],"author":[{"embeddable":true,"href":"https:\/\/gomera-vida.es\/de\/wp-json\/wp\/v2\/users\/1"}],"replies":[{"embeddable":true,"href":"https:\/\/gomera-vida.es\/de\/wp-json\/wp\/v2\/comments?post=35747"}],"version-history":[{"count":0,"href":"https:\/\/gomera-vida.es\/de\/wp-json\/wp\/v2\/pages\/35747\/revisions"}],"wp:attachment":[{"href":"https:\/\/gomera-vida.es\/de\/wp-json\/wp\/v2\/media?parent=35747"}],"curies":[{"name":"wp","href":"https:\/\/api.w.org\/{rel}","templated":true}]}}